{"id":115,"date":"2023-03-07T16:18:51","date_gmt":"2023-03-07T15:18:51","guid":{"rendered":"https:\/\/editions-mandron.com\/?page_id=115"},"modified":"2026-04-04T13:23:16","modified_gmt":"2026-04-04T11:23:16","slug":"nos-differents-points-de-vente","status":"publish","type":"page","link":"https:\/\/editions-mandron.com\/index.php\/nos-differents-points-de-vente\/","title":{"rendered":"Nos diff\u00e9rents points de vente"},"content":{"rendered":"\n<p class=\"has-large-font-size\" style=\"text-decoration:underline\"><strong>Nos livres sont disponibles \u00e0 la vente dans les librairies ind\u00e9pendantes, les Sanctuaires, les Abbayes et les Librairies religieuses de France<\/strong>, en lien avec le R\u00e9seau du Livre Dilicom. Aussi, le catalogue de \u00ab\u00a0L&rsquo;Officiel du Livre Chr\u00e9tien\u00a0\u00bb, o\u00f9 les livres de la maison d&rsquo;\u00e9dition sont r\u00e9f\u00e9renc\u00e9s, est disponible sur demande chez votre libraire dans toute la France.<\/p>\n\n\n\n<p><strong>En Suisse depuis mars 2024 dans la librairie Saint Augustin SA \u00e0 St Maurice.<\/strong><\/p>\n\n\n\n<p><strong>En Belgique depuis f\u00e9vrier 2026 dans la librairie Cunibert Daumen SA \u00e0 Malmedy.<\/strong><\/p>\n\n\n\n<p><strong>En France : Liste mise \u00e0 jour au 1er janvier 2026<\/strong><\/p>\n\n\n\n<div class=\"wp-block-group is-style-twentytwentyone-border\"><div class=\"wp-block-group__inner-container is-layout-constrained wp-block-group-is-layout-constrained\">\n<p><strong>D\u00e9partement 01<\/strong><br>&nbsp;<br>Librairie Sanctuaire d&rsquo;Ars \u00e0 Ars sur Formans<\/p>\n\n\n\n<p>Librairie Buffet \u00e0 Oyonnax &#8211; Paroisse Oyonnax<\/p>\n\n\n\n<p><strong>D\u00e9partement 02<\/strong><br>&nbsp;<br>Librairie Cognet \u00e0 St Quentin<\/p>\n\n\n\n<p><strong>D\u00e9partement 10<\/strong><br>&nbsp;<br>Libraire Chemin de Vie \u00e0 Troyes<\/p>\n\n\n\n<p><strong>D\u00e9partement 11<\/strong><br>&nbsp;<br>Librairie Silo\u00eb Saint Dominique \u00e0 Carcassonne<\/p>\n\n\n\n<hr class=\"wp-block-separator has-alpha-channel-opacity\"\/>\n\n\n\n<p><strong>D\u00e9partement 12<\/strong><\/p>\n\n\n\n<p>Librairie La Folle avoine \u00e0 Villefranche de Rouergue<\/p>\n\n\n\n<p>Librairie L&rsquo;Esprit livres \u00e0 Millau<\/p>\n\n\n\n<p><strong>D\u00e9partement 13<\/strong><br>&nbsp;<br>Librairie Saint Paul \u00e0 Marseille<\/p>\n\n\n\n<p>Librairie Silo\u00eb Le Baptist\u00e8re \u00e0 Aix-en Provence<\/p>\n\n\n\n<p><strong>D\u00e9partement 14<\/strong><br><br>Librairie St Norbert de l&rsquo;Abbaye Saint Martin \u00e0 Juaye Mondaye<\/p>\n\n\n\n<p>Librairies religieuses de l&rsquo;Office Central de Lisieux \u00e0 Lisieux<\/p>\n\n\n\n<p>Librairie Publica \u00e0 Caen<br>&nbsp;<\/p>\n\n\n\n<p><strong>D\u00e9partement 21<\/strong><br>&nbsp;<br>Librairie Gibert Joseph \u00e0 Dijon<\/p>\n\n\n\n<p><strong>D\u00e9partement 26<\/strong><\/p>\n\n\n\n<p>Librairie chr\u00e9tienne CLC \u00e0 Mont\u00e9limar<\/p>\n\n\n\n<p><strong>D\u00e9partement 29<\/strong><\/p>\n\n\n\n<p>Librairie Dialogues Morlaix \u00e0 Morlaix<\/p>\n\n\n\n<hr class=\"wp-block-separator has-alpha-channel-opacity\"\/>\n\n\n\n<p><strong>D\u00e9partement 30<\/strong><br>&nbsp;<br>Librairie<\/p>\n\n\n\n<p><strong>D\u00e9partement 31<\/strong><\/p>\n\n\n\n<p>Librairie ELLIPSES \u00e0 Toulouse<\/p>\n\n\n\n<p>Librairie La Procure Beaulieu \u00e0 Toulouse<\/p>\n\n\n\n<p>Librairie Silo\u00eb-Carmel \u00e0 Toulouse<\/p>\n\n\n\n<p><strong>D\u00e9partement 32<\/strong><\/p>\n\n\n\n<p>Librairie de l&rsquo;Abbaye Notre Dame de Boulaur<\/p>\n\n\n\n<p><strong>D\u00e9partement 33<\/strong><br>&nbsp;<br>Librairie La Procure Beaulieu \u00e0 Bordeaux<\/p>\n\n\n\n<p>Librairie Mollat \u00e0 Bordeaux<\/p>\n\n\n\n<hr class=\"wp-block-separator has-alpha-channel-opacity\"\/>\n\n\n\n<p><strong>D\u00e9partement 34<\/strong><br>&nbsp;<br>Librairie Abbaye Sainte Marie de Valmagne \u00e0 Villeveyrac<\/p>\n\n\n\n<p><strong>D\u00e9partement 37<\/strong><br>&nbsp;<br>Librairie St Etienne \u00e0 Tours<\/p>\n\n\n\n<p><strong>D\u00e9partement 38<\/strong><br>&nbsp;<br>Librairie et Magasin du Sanctuaire Notre-Dame de la Salette \u00e0 La Salette<\/p>\n\n\n\n<p><strong>D\u00e9partement 41<\/strong><br>&nbsp;<br>Librairie<\/p>\n\n\n\n<hr class=\"wp-block-separator has-alpha-channel-opacity\"\/>\n\n\n\n<p><strong>D\u00e9partement 43<\/strong><br>&nbsp;<br>Librairie<\/p>\n\n\n\n<p><strong>D\u00e9partement 44<\/strong><br>&nbsp;<br>Librairie Silo\u00eb Lis \u00e0 Nantes<\/p>\n\n\n\n<p>Librairie l&rsquo;Embarcad\u00e8re \u00e0 Saint Nazaire<\/p>\n\n\n\n<p><strong>D\u00e9partement 45<\/strong><br>&nbsp;<br>Librairie Agap\u00e9 \u00e0 Orl\u00e9ans<\/p>\n\n\n\n<p><strong>D\u00e9partement 46<\/strong><br>&nbsp;<br>Librairie du Sanctuaire Notre-Dame \u00e0 Rocamadour<\/p>\n\n\n\n<hr class=\"wp-block-separator has-alpha-channel-opacity\"\/>\n\n\n\n<p><strong>D\u00e9partement 47<\/strong><br>&nbsp;<br>Librairie La Sainte Famille \u00e0 Agen<\/p>\n\n\n\n<p><strong>D\u00e9partement 53<\/strong><br>&nbsp;<br>Librairie de l&rsquo;Abbaye de la Coudre \u00e0 Laval<\/p>\n\n\n\n<p><strong>D\u00e9partement 56<\/strong><br>&nbsp;<br>Librairie du Sanctuaire Sainte Anne d&rsquo;Auray<\/p>\n\n\n\n<p>\u00e0 Sainte Anne d&rsquo;Auray<\/p>\n\n\n\n<p><strong>D\u00e9partement 57<\/strong><\/p>\n\n\n\n<p>Librairie de l&rsquo;Office Cat\u00e9ch\u00e9tique \u00e0 Metz<\/p>\n\n\n\n<p><strong>D\u00e9partement 58<\/strong><br>&nbsp;<br>Librairie du Sanctuaire Espace Bernadette Soubirous&nbsp;\u00e0 Nevers<\/p>\n\n\n\n<hr class=\"wp-block-separator has-alpha-channel-opacity\"\/>\n\n\n\n<p><strong>D\u00e9partement 61<\/strong><br>&nbsp;<br>Librairie du Sanctuaire Louis et Z\u00e9lie Martin \u00e0 Alen\u00e7on<\/p>\n\n\n\n<p>Librairie de la Boutique du Sanctuaire Notre-Dame de Montligeon \u00e0 La Chapelle-Montligeon<\/p>\n\n\n\n<p><strong>D\u00e9partement 64<\/strong><br>&nbsp;<br>Librairie<\/p>\n\n\n\n<p><strong>D\u00e9partement 65<\/strong><br>&nbsp;<br>Librairie de la Grotte au Sanctuaire Notre-Dame \u00e0 Lourdes<\/p>\n\n\n\n<p>Librairie Catholique \u00ab\u00a0Les bons livres\u00a0\u00bb, 74 rue de la Grotte, \u00e0 Lourdes<\/p>\n\n\n\n<p>Librairie du Secr\u00e9tariat Paroissial du Haut-Adour \u00e0 Bagn\u00e8res de Bigorre<br>&nbsp;<br>Librairie La Litote \u00e0 Vic en Bigorre<\/p>\n\n\n\n<p>Librairie de l&rsquo;Abbaye Notre Dame&nbsp;\u00e0 Tournay<\/p>\n\n\n\n<p><strong>D\u00e9partement 66<\/strong><br>&nbsp;<br>Librairie de la Boutique Saint Jean \u00e0 Perpignan<\/p>\n\n\n\n<hr class=\"wp-block-separator has-alpha-channel-opacity\"\/>\n\n\n\n<p><strong>D\u00e9partement 67<\/strong><br>&nbsp;<br>Librairie OBERLIN \u00e0 Strasbourg<\/p>\n\n\n\n<p><strong>D\u00e9partement 69<\/strong><\/p>\n\n\n\n<p>Librairie Classique La Procure \u00e0 Lyon<\/p>\n\n\n\n<p>Librairie La Procure Saint Ir\u00e9n\u00e9e \u00e0 Lyon<\/p>\n\n\n\n<p><strong>D\u00e9partement 73<\/strong><br>&nbsp;<br>Librairie de l&rsquo;Abbaye Notre-Dame \u00e0 Tami\u00e9 (Savoie)<\/p>\n\n\n\n<p>Librairie du Sanctuaire Notre-Dame de Myans \u00e0 Myans<\/p>\n\n\n\n<p><strong>D\u00e9partement 74<\/strong><\/p>\n\n\n\n<p>Librairie du Sanctuaire Marial de la B\u00e9nite Fontaine \u00e0 La Roche sur Foron<\/p>\n\n\n\n<p>Librairie des Aravis \u00e0 Thones<\/p>\n\n\n\n<p><strong>D\u00e9partement 75<\/strong><br>&nbsp;<br>Librairie Gallimard \u00e0 Paris 7\u00e8me<\/p>\n\n\n\n<p>Librairie La Procure \u00e0 Paris 6\u00e8me<\/p>\n\n\n\n<p>Librairie La Terrasse de Gutenberg \u00e0 Paris 12\u00e8me<\/p>\n\n\n\n<p>Librairie Eyrolles \u00e0 Paris 5\u00e8me<\/p>\n\n\n\n<p><strong>D\u00e9partement 77<\/strong><br>&nbsp;<br>Librairie<\/p>\n\n\n\n<hr class=\"wp-block-separator has-alpha-channel-opacity\"\/>\n\n\n\n<p><strong>D\u00e9partement 78<\/strong><br>&nbsp;<br>Librairie La barque de Pierre&nbsp;\u00e0 St Germain en Laye<\/p>\n\n\n\n<p><strong>D\u00e9partement 81<\/strong><\/p>\n\n\n\n<p>Librairie du Secr\u00e9tariat Paroissial de Lavaur \u00e0 Lavaur<br>&nbsp;<br>Librairie Silo\u00eb Sainte C\u00e9cile \u00e0 Albi<br>&nbsp;<br>Librairie Abbaye Sainte Scholastique \u00e0 Dourgne<\/p>\n\n\n\n<p><strong>D\u00e9partement 82<\/strong><br>\u00a0<br>Librairie ACPAC La Procure \u00e0 Montauban<\/p>\n\n\n\n<p><strong>D\u00e9partement 85<\/strong><br>&nbsp;<br>Librairie Silo\u00eb Sype \u00e0 La Roche sur Yon<\/p>\n\n\n\n<hr class=\"wp-block-separator has-alpha-channel-opacity\"\/>\n\n\n\n<p><strong>D\u00e9partement 87<\/strong><br>&nbsp;<br>Librairie ADERL, Le Monde de Th\u00e9o, \u00e0 Limoges<\/p>\n\n\n\n<p><strong>D\u00e9partement 89<\/strong><br>&nbsp;<br>Librairie la Pierre d&rsquo;Angle au Sanctuaire de V\u00e9zelay<\/p>\n\n\n\n<p>Boutique-Librairie de la Cath\u00e9drale \u00e0 Auxerre<\/p>\n\n\n\n<p><strong>D\u00e9partement 94<\/strong><\/p>\n\n\n\n<p>La G\u00e9n\u00e9rale du Livre \u00e0 Ivry sur Seine<\/p>\n\n\n\n<p>Librairie Millepages \u00e0 Vincennes<br>&nbsp;<br><\/p>\n<\/div><\/div>\n","protected":false},"excerpt":{"rendered":"<p>Nos livres sont disponibles \u00e0 la vente dans les librairies ind\u00e9pendantes, les Sanctuaires, les Abbayes et les Librairies religieuses de France, en lien avec le R\u00e9seau du Livre Dilicom. Aussi, le catalogue de \u00ab\u00a0L&rsquo;Officiel du Livre Chr\u00e9tien\u00a0\u00bb, o\u00f9 les livres de la maison d&rsquo;\u00e9dition sont r\u00e9f\u00e9renc\u00e9s, est disponible sur demande chez votre libraire dans toute&hellip; <a class=\"more-link\" href=\"https:\/\/editions-mandron.com\/index.php\/nos-differents-points-de-vente\/\">Poursuivre la lecture <span class=\"screen-reader-text\">Nos diff\u00e9rents points de vente<\/span><\/a><\/p>\n","protected":false},"author":1,"featured_media":0,"parent":0,"menu_order":0,"comment_status":"closed","ping_status":"closed","template":"","meta":{"footnotes":""},"class_list":["post-115","page","type-page","status-publish","hentry","entry"],"jetpack_sharing_enabled":true,"_links":{"self":[{"href":"https:\/\/editions-mandron.com\/index.php\/wp-json\/wp\/v2\/pages\/115","targetHints":{"allow":["GET"]}}],"collection":[{"href":"https:\/\/editions-mandron.com\/index.php\/wp-json\/wp\/v2\/pages"}],"about":[{"href":"https:\/\/editions-mandron.com\/index.php\/wp-json\/wp\/v2\/types\/page"}],"author":[{"embeddable":true,"href":"https:\/\/editions-mandron.com\/index.php\/wp-json\/wp\/v2\/users\/1"}],"replies":[{"embeddable":true,"href":"https:\/\/editions-mandron.com\/index.php\/wp-json\/wp\/v2\/comments?post=115"}],"version-history":[{"count":47,"href":"https:\/\/editions-mandron.com\/index.php\/wp-json\/wp\/v2\/pages\/115\/revisions"}],"predecessor-version":[{"id":2012,"href":"https:\/\/editions-mandron.com\/index.php\/wp-json\/wp\/v2\/pages\/115\/revisions\/2012"}],"wp:attachment":[{"href":"https:\/\/editions-mandron.com\/index.php\/wp-json\/wp\/v2\/media?parent=115"}],"curies":[{"name":"wp","href":"https:\/\/api.w.org\/{rel}","templated":true}]}}