{"id":163,"date":"2023-03-09T17:38:55","date_gmt":"2023-03-09T16:38:55","guid":{"rendered":"https:\/\/editions-mandron.com\/?page_id=163"},"modified":"2025-11-04T09:34:08","modified_gmt":"2025-11-04T08:34:08","slug":"a-propos","status":"publish","type":"page","link":"https:\/\/editions-mandron.com\/index.php\/a-propos\/","title":{"rendered":"A propos"},"content":{"rendered":"\n<h2 class=\"wp-block-heading has-large-font-size\"><strong>Editions Conseils Mandron<\/strong><\/h2>\n\n\n<div class=\"wp-block-image\">\n<figure class=\"aligncenter size-large is-resized\"><img loading=\"lazy\" decoding=\"async\" width=\"1024\" height=\"505\" src=\"https:\/\/editions-mandron.com\/wp-content\/uploads\/2024\/09\/logo-Mandron-1024x505.jpg\" alt=\"\" class=\"wp-image-1031\" style=\"width:409px;height:auto\" srcset=\"https:\/\/editions-mandron.com\/wp-content\/uploads\/2024\/09\/logo-Mandron-1024x505.jpg 1024w, https:\/\/editions-mandron.com\/wp-content\/uploads\/2024\/09\/logo-Mandron-300x148.jpg 300w, https:\/\/editions-mandron.com\/wp-content\/uploads\/2024\/09\/logo-Mandron-768x379.jpg 768w, https:\/\/editions-mandron.com\/wp-content\/uploads\/2024\/09\/logo-Mandron-1536x758.jpg 1536w, https:\/\/editions-mandron.com\/wp-content\/uploads\/2024\/09\/logo-Mandron-1568x773.jpg 1568w, https:\/\/editions-mandron.com\/wp-content\/uploads\/2024\/09\/logo-Mandron.jpg 1772w\" sizes=\"auto, (max-width: 1024px) 100vw, 1024px\" \/><\/figure>\n<\/div>\n\n\n<p><\/p>\n\n\n\n<h2 class=\"wp-block-heading has-large-font-size\"><strong><em>Pr\u00e9sentation de la maison d&rsquo;\u00e9dition <\/em>: <\/strong><\/h2>\n\n\n<div class=\"wp-block-image\">\n<figure class=\"alignright size-large\"><img loading=\"lazy\" decoding=\"async\" width=\"687\" height=\"1024\" src=\"https:\/\/editions-mandron.com\/wp-content\/uploads\/2022\/12\/PHOTO-Magalie-PRO-687x1024.jpg\" alt=\"\" class=\"wp-image-51\" srcset=\"https:\/\/editions-mandron.com\/wp-content\/uploads\/2022\/12\/PHOTO-Magalie-PRO-687x1024.jpg 687w, https:\/\/editions-mandron.com\/wp-content\/uploads\/2022\/12\/PHOTO-Magalie-PRO-201x300.jpg 201w, https:\/\/editions-mandron.com\/wp-content\/uploads\/2022\/12\/PHOTO-Magalie-PRO-768x1145.jpg 768w, https:\/\/editions-mandron.com\/wp-content\/uploads\/2022\/12\/PHOTO-Magalie-PRO-1030x1536.jpg 1030w, https:\/\/editions-mandron.com\/wp-content\/uploads\/2022\/12\/PHOTO-Magalie-PRO-1373x2048.jpg 1373w, https:\/\/editions-mandron.com\/wp-content\/uploads\/2022\/12\/PHOTO-Magalie-PRO.jpg 1528w\" sizes=\"auto, (max-width: 687px) 100vw, 687px\" \/><\/figure>\n<\/div>\n\n\n<p><strong>\u00ab\u00a0Editions Conseils Mandron\u00a0\u00bb <\/strong>est une maison d&rsquo;\u00e9dition, cr\u00e9\u00e9e en janvier 2017, par <strong>Magalie Mandron<\/strong>, Responsable.<\/p>\n\n\n\n<p>Elle est sp\u00e9cialis\u00e9e dans la vente de livres sur la <strong>foi chr\u00e9tienne<\/strong> (<strong><em>pri\u00e8res, formation spirituelle, m\u00e9ditations, guides pratiques, litt\u00e9rature religieuse ; jeunesse, art et foi : deux nouvelles rubriques en 2025).<\/em><\/strong><\/p>\n\n\n\n<p>Sa mission est de diffuser l&rsquo;Evangile au sein des familles, en liant la foi vivante et agissante avec la vie concr\u00e8te quotidienne, de mieux faire conna\u00eetre le Christ J\u00e9sus et sa M\u00e8re, la Vierge Marie, dans un langage simple et accessible \u00e0 tous.<\/p>\n\n\n\n<p><\/p>\n\n\n\n<h3 class=\"wp-block-heading\"><em>CONDITIONS COMMERCIALES<\/em><\/h3>\n\n\n\n<p><strong><em>Paiement s\u00e9curis\u00e9 par Carte Bancaire<\/em> sur notre site internet (RUBRIQUE \u00ab&nbsp;BOUTIQUE&nbsp;\u00bb), ou <em>par ch\u00e8que bancaire avec le bon de commande <\/em>\u00e0 nous envoyer \u00e0 l&rsquo;adresse suivante : EDITIONS CONSEILS MANDRON, Mme MANDRON Magalie, 23 Rue de Bellevue, 89240 VILLEFARGEAU<\/strong>&nbsp;(<strong>t\u00e9l\u00e9chargeable et imprimable dans la RUBRIQUE \u00ab&nbsp;NOS LIVRES DISPONIBLES A LA VENTE&nbsp;\u00bb).<\/strong><\/p>\n\n\n\n<p><strong><em>NOS LIVRES SONT EGALEMENT DISPONIBLES DANS NOS POINTS DE VENTE <\/em>(rubrique \u00ab&nbsp;EDITIONS&nbsp;\u00bb, sous-rubrique \u00ab&nbsp;Nos diff\u00e9rents points de vente&nbsp;\u00bb), <em>SUR LE SITE INTERNET AMAZON.<\/em><\/strong><\/p>\n\n\n\n<p><strong>L\u2019exp\u00e9dition, soign\u00e9e, rapide, et suivie, est assur\u00e9e par nos soins.<\/strong><\/p>\n\n\n\n<p><strong><em>CONDITIONS COMMERCIALES SPECIFIQUES <\/em>pour les Librairies, les Associations de fid\u00e8les, les Paroisses\u2026<\/strong><\/p>\n\n\n\n<p><em><strong>NOUS CONSULTER <\/strong><strong>directement via notre adresse mail : magalie.mandron@gmail.com<\/strong><\/em><\/p>\n\n\n\n<p><strong><em>NOUVEAUTE en mai 2024<\/em>&nbsp;: les professionnels ont la possibilit\u00e9 de commander nos livres sur le site DILICOM, LE RESEAU DU LIVRE.<\/strong><\/p>\n\n\n<div class=\"wp-block-image\">\n<figure class=\"aligncenter size-full\"><img loading=\"lazy\" decoding=\"async\" width=\"287\" height=\"176\" src=\"https:\/\/editions-mandron.com\/wp-content\/uploads\/2024\/09\/images.jpg\" alt=\"\" class=\"wp-image-910\"\/><\/figure>\n<\/div>\n\n\n<p><\/p>\n\n\n\n<p><strong><em>Nouveaut\u00e9 le 13 juin 2024<\/em> : retrouvez notre s\u00e9lection de livres sur le catalogue de r\u00e9f\u00e9rence national : \u00ab\u00a0L&rsquo;Officiel du Livre Chr\u00e9tien\u00a0\u00bb<\/strong> \u00e0 demander et \u00e0 consulter aupr\u00e8s de votre libraire habituel !<\/p>\n\n\n\n<p><strong><em>Nouveau catalogue le 2 juin 2025 :<\/em><\/strong><\/p>\n\n\n<div class=\"wp-block-image\">\n<figure class=\"aligncenter size-large is-resized\"><img loading=\"lazy\" decoding=\"async\" width=\"724\" height=\"1024\" src=\"https:\/\/editions-mandron.com\/wp-content\/uploads\/2025\/06\/couverture_RVB-2-724x1024.jpg\" alt=\"\" class=\"wp-image-1563\" style=\"width:322px;height:auto\" srcset=\"https:\/\/editions-mandron.com\/wp-content\/uploads\/2025\/06\/couverture_RVB-2-724x1024.jpg 724w, https:\/\/editions-mandron.com\/wp-content\/uploads\/2025\/06\/couverture_RVB-2-212x300.jpg 212w, https:\/\/editions-mandron.com\/wp-content\/uploads\/2025\/06\/couverture_RVB-2-768x1086.jpg 768w, https:\/\/editions-mandron.com\/wp-content\/uploads\/2025\/06\/couverture_RVB-2.jpg 835w\" sizes=\"auto, (max-width: 724px) 100vw, 724px\" \/><\/figure>\n<\/div>\n\n<div class=\"wp-block-image\">\n<figure class=\"aligncenter size-large is-resized\"><img loading=\"lazy\" decoding=\"async\" width=\"1024\" height=\"1024\" src=\"https:\/\/editions-mandron.com\/wp-content\/uploads\/2024\/09\/post-editeurs-1024x1024.jpg\" alt=\"\" class=\"wp-image-912\" style=\"width:324px;height:auto\" srcset=\"https:\/\/editions-mandron.com\/wp-content\/uploads\/2024\/09\/post-editeurs-1024x1024.jpg 1024w, https:\/\/editions-mandron.com\/wp-content\/uploads\/2024\/09\/post-editeurs-300x300.jpg 300w, https:\/\/editions-mandron.com\/wp-content\/uploads\/2024\/09\/post-editeurs-150x150.jpg 150w, https:\/\/editions-mandron.com\/wp-content\/uploads\/2024\/09\/post-editeurs-768x768.jpg 768w, https:\/\/editions-mandron.com\/wp-content\/uploads\/2024\/09\/post-editeurs.jpg 1080w\" sizes=\"auto, (max-width: 1024px) 100vw, 1024px\" \/><\/figure>\n<\/div>\n\n\n<figure class=\"wp-block-gallery has-nested-images columns-default is-cropped wp-block-gallery-1 is-layout-flex wp-block-gallery-is-layout-flex\">\n<figure class=\"wp-block-image size-large\"><img loading=\"lazy\" decoding=\"async\" width=\"526\" height=\"526\" data-id=\"1164\" src=\"https:\/\/editions-mandron.com\/wp-content\/uploads\/2024\/11\/Affiche-Salon-du-livre-Avon-nov24-avec-OLC.jpg\" alt=\"\" class=\"wp-image-1164\" srcset=\"https:\/\/editions-mandron.com\/wp-content\/uploads\/2024\/11\/Affiche-Salon-du-livre-Avon-nov24-avec-OLC.jpg 526w, https:\/\/editions-mandron.com\/wp-content\/uploads\/2024\/11\/Affiche-Salon-du-livre-Avon-nov24-avec-OLC-300x300.jpg 300w, https:\/\/editions-mandron.com\/wp-content\/uploads\/2024\/11\/Affiche-Salon-du-livre-Avon-nov24-avec-OLC-150x150.jpg 150w\" sizes=\"auto, (max-width: 526px) 100vw, 526px\" \/><\/figure>\n\n\n\n<figure class=\"wp-block-image size-large\"><img loading=\"lazy\" decoding=\"async\" width=\"503\" height=\"600\" data-id=\"1166\" src=\"https:\/\/editions-mandron.com\/wp-content\/uploads\/2024\/11\/salon-tours-2024-1.jpg\" alt=\"\" class=\"wp-image-1166\" srcset=\"https:\/\/editions-mandron.com\/wp-content\/uploads\/2024\/11\/salon-tours-2024-1.jpg 503w, https:\/\/editions-mandron.com\/wp-content\/uploads\/2024\/11\/salon-tours-2024-1-252x300.jpg 252w\" sizes=\"auto, (max-width: 503px) 100vw, 503px\" \/><\/figure>\n<\/figure>\n\n\n\n<p><strong><em>Vous pouvez \u00e9galement vous procurer le catalogue de \u00ab\u00a0L&rsquo;Officiel du Livre Chr\u00e9tien\u00a0\u00bb lors des Salons des auteurs Chr\u00e9tiens.<\/em><\/strong><\/p>\n\n\n\n<p><strong><em>Des \u00e9v\u00e8nements, mais aussi des offres sp\u00e9ciales, vous sont propos\u00e9es telles que, en ce temps de l&rsquo;Avent 2024 :<\/em><\/strong><\/p>\n\n\n\n<figure class=\"wp-block-image size-full\"><img loading=\"lazy\" decoding=\"async\" width=\"526\" height=\"526\" src=\"https:\/\/editions-mandron.com\/wp-content\/uploads\/2024\/11\/Affiche-cadeaux-calendrier-de-lAvent-2024.jpg\" alt=\"\" class=\"wp-image-1189\" srcset=\"https:\/\/editions-mandron.com\/wp-content\/uploads\/2024\/11\/Affiche-cadeaux-calendrier-de-lAvent-2024.jpg 526w, https:\/\/editions-mandron.com\/wp-content\/uploads\/2024\/11\/Affiche-cadeaux-calendrier-de-lAvent-2024-300x300.jpg 300w, https:\/\/editions-mandron.com\/wp-content\/uploads\/2024\/11\/Affiche-cadeaux-calendrier-de-lAvent-2024-150x150.jpg 150w\" sizes=\"auto, (max-width: 526px) 100vw, 526px\" \/><\/figure>\n","protected":false},"excerpt":{"rendered":"<p>Editions Conseils Mandron Pr\u00e9sentation de la maison d&rsquo;\u00e9dition : \u00ab\u00a0Editions Conseils Mandron\u00a0\u00bb est une maison d&rsquo;\u00e9dition, cr\u00e9\u00e9e en janvier 2017, par Magalie Mandron, Responsable. Elle est sp\u00e9cialis\u00e9e dans la vente de livres sur la foi chr\u00e9tienne (pri\u00e8res, formation spirituelle, m\u00e9ditations, guides pratiques, litt\u00e9rature religieuse ; jeunesse, art et foi : deux nouvelles rubriques en 2025).&hellip; <a class=\"more-link\" href=\"https:\/\/editions-mandron.com\/index.php\/a-propos\/\">Poursuivre la lecture <span class=\"screen-reader-text\">A propos<\/span><\/a><\/p>\n","protected":false},"author":1,"featured_media":0,"parent":0,"menu_order":0,"comment_status":"closed","ping_status":"closed","template":"","meta":{"footnotes":""},"class_list":["post-163","page","type-page","status-publish","hentry","entry"],"jetpack_sharing_enabled":true,"_links":{"self":[{"href":"https:\/\/editions-mandron.com\/index.php\/wp-json\/wp\/v2\/pages\/163","targetHints":{"allow":["GET"]}}],"collection":[{"href":"https:\/\/editions-mandron.com\/index.php\/wp-json\/wp\/v2\/pages"}],"about":[{"href":"https:\/\/editions-mandron.com\/index.php\/wp-json\/wp\/v2\/types\/page"}],"author":[{"embeddable":true,"href":"https:\/\/editions-mandron.com\/index.php\/wp-json\/wp\/v2\/users\/1"}],"replies":[{"embeddable":true,"href":"https:\/\/editions-mandron.com\/index.php\/wp-json\/wp\/v2\/comments?post=163"}],"version-history":[{"count":45,"href":"https:\/\/editions-mandron.com\/index.php\/wp-json\/wp\/v2\/pages\/163\/revisions"}],"predecessor-version":[{"id":1803,"href":"https:\/\/editions-mandron.com\/index.php\/wp-json\/wp\/v2\/pages\/163\/revisions\/1803"}],"wp:attachment":[{"href":"https:\/\/editions-mandron.com\/index.php\/wp-json\/wp\/v2\/media?parent=163"}],"curies":[{"name":"wp","href":"https:\/\/api.w.org\/{rel}","templated":true}]}}