{"id":188,"date":"2023-03-11T12:30:57","date_gmt":"2023-03-11T11:30:57","guid":{"rendered":"https:\/\/editions-mandron.com\/?page_id=188"},"modified":"2025-06-08T17:30:19","modified_gmt":"2025-06-08T15:30:19","slug":"conditions-generales-de-vente","status":"publish","type":"page","link":"https:\/\/editions-mandron.com\/index.php\/conditions-generales-de-vente\/","title":{"rendered":"Conditions g\u00e9n\u00e9rales de vente"},"content":{"rendered":"\n<p><strong><em>Les retours de livres<\/em><\/strong> ne sont possibles qu&rsquo;en cas d&rsquo;accord commercial, au pr\u00e9alable, entre les deux parties : la maison d&rsquo;\u00e9dition et le client.<\/p>\n\n\n\n<p><strong>Les tarifs sont pratiqu\u00e9s avec franchise de TVA non applicable, article 293B du code g\u00e9n\u00e9ral des imp\u00f4ts<\/strong><\/p>\n\n\n\n<p><\/p>\n\n\n\n<p><strong>Informations l\u00e9gales :<\/strong><\/p>\n\n\n\n<p>Si\u00e8ge social : Magalie Mandron E.I., Editions Conseils Mandron, 23 Rue de Bellevue, 89240 Villefargeau.<\/p>\n\n\n\n<p>Contact : t\u00e9l\u00e9phone : 06 22 86 69 91<\/p>\n\n\n\n<p>Mail : magalie.mandron@gmail.com<\/p>\n\n\n\n<p>Site internet\/boutique :www.editions-mandron.com<\/p>\n\n\n\n<p>Immatriculation : Num\u00e9ro Siren : 824 607 972 RCS Auxerre. Code APE 5811Z.<\/p>\n\n\n\n<p>TVA : la TVA n\u2019est pas applicable conform\u00e9ment \u00e0 l\u2019article 293B du Code G\u00e9n\u00e9ral des Imp\u00f4ts.<\/p>\n\n\n\n<p>2024 : Num\u00e9ro d&rsquo;Identification Unique (IDU) au titre de la REP Emballages m\u00e9nagers et Papiers graphiques : FR420016_01AZUL<\/p>\n\n\n\n<p>Mentions l\u00e9gales du site internet : Le site internet nomm\u00e9 ci-dessus est la propri\u00e9t\u00e9 de Magalie Mandron.<\/p>\n\n\n\n<p>Toute repr\u00e9sentation totale ou partielle du site ou de son contenu par quelque proc\u00e9d\u00e9 que ce soit, sans autorisation pr\u00e9alable et expresse de Magalie Mandron est illicite au sens de l\u2019article L.122-4 du Code de la propri\u00e9t\u00e9 Intellectuelle et constitue une contrefa\u00e7on sanctionn\u00e9e par les articles L.335-2 et suivants du m\u00eame code. Tous les droits de reproduction sont r\u00e9serv\u00e9s. La reproduction de toute ou partie de ce site sur un support \u00e9lectronique ou papier est formellement interdite sauf autorisation expresse du directeur de la publication.<\/p>\n\n\n\n<h3 class=\"wp-block-heading\">Informations l\u00e9gales :<\/h3>\n\n\n\n<p>Si\u00e8ge social : Magalie Mandron E.I., Editions Conseils Mandron, 23 Rue de Bellevue, 89240 Villefargeau.<\/p>\n\n\n\n<p>Contact : t\u00e9l\u00e9phone : 06 22 86 69 91<\/p>\n\n\n\n<p>Mail : magalie.mandron@gmail.com<\/p>\n\n\n\n<p>Site internet\/boutique :www.editions-mandron.com<\/p>\n\n\n\n<p>Immatriculation : Num\u00e9ro Siren : 824 607 972 RCS Auxerre. Code APE 5811Z.<\/p>\n\n\n\n<p>TVA : la TVA n&rsquo;est pas applicable conform\u00e9ment \u00e0 l&rsquo;article 293B du Code G\u00e9n\u00e9ral des Imp\u00f4ts.<\/p>\n\n\n\n<p>Mentions l\u00e9gales du site internet : Le site internet nomm\u00e9 ci-dessus est la propri\u00e9t\u00e9 de Magalie Mandron.<\/p>\n\n\n\n<p>Toute repr\u00e9sentation totale ou partielle du site ou de son contenu par quelque proc\u00e9d\u00e9 que ce soit, sans autorisation pr\u00e9alable et expresse de Magalie Mandron est illicite au sens de l&rsquo;article L.122-4 du Code de la propri\u00e9t\u00e9 Intellectuelle et constitue une contrefa\u00e7on sanctionn\u00e9e par les articles L.335-2 et suivants du m\u00eame code. Tous les droits de reproduction sont r\u00e9serv\u00e9s. La reproduction de toute ou partie de ce site sur un support \u00e9lectronique ou papier est formellement interdite sauf autorisation expresse du directeur de la publication.<\/p>\n\n\n\n<h3 class=\"wp-block-heading\">Mentions L\u00e9gales :<\/h3>\n\n\n\n<p>R\u00e9glement G\u00e9n\u00e9ral sur la Protection des Donn\u00e9es<\/p>\n\n\n\n<p>Nouvelle loi europ\u00e9enne : R\u00e9glementation G\u00e9n\u00e9rale sur la Protection des Donn\u00e9es.<\/p>\n\n\n\n<p>Je suis tenue \u00e0 la confidentialit\u00e9 et au secret professionnel en vertu du code de bonne conduite de la profession. Les informations recueillies dans le formulaire de contact sont enregistr\u00e9es pour vous r\u00e9pondre. Les donn\u00e9es transmises via le formulaire de contact se limitent \u00e0 votre nom, pr\u00e9nom, email, t\u00e9l\u00e9phone et le contenu de votre demande. En me fournissant vos donn\u00e9es personnelles sur le formulaire de contact, je recueille ainsi votre consentement \u00e0 leur utilisation, qui pourrait donner lieu \u00e0 la r\u00e9daction et \u00e0 la souscription d&rsquo;un contrat de recherche. A la fin de la mission, vos donn\u00e9es transmises et votre dossier de recherche sont archiv\u00e9s sur un support non connect\u00e9 mais s\u00e9curis\u00e9. Toutes les donn\u00e9es sont conserv\u00e9es sans dur\u00e9e d\u00e9finie, sauf demande explicite de votre part de les supprimer ou modifier. Concernant, les donn\u00e9es de facturation, la Loi oblige \u00e0 garder une copie des factures \u00e9mises, 10 ans apr\u00e8s la cl\u00f4ture de l&rsquo;exercice. Conform\u00e9ment \u00e0 la loi \u00ab\u00a0informatique et libert\u00e9s\u00a0\u00bb, vous pouvez exercer votre droit d&rsquo;acc\u00e8s aux donn\u00e9es en me contactant directement.<\/p>\n","protected":false},"excerpt":{"rendered":"<p>Les retours de livres ne sont possibles qu&rsquo;en cas d&rsquo;accord commercial, au pr\u00e9alable, entre les deux parties : la maison d&rsquo;\u00e9dition et le client. Les tarifs sont pratiqu\u00e9s avec franchise de TVA non applicable, article 293B du code g\u00e9n\u00e9ral des imp\u00f4ts Informations l\u00e9gales : Si\u00e8ge social : Magalie Mandron E.I., Editions Conseils Mandron, 23 Rue&hellip; <a class=\"more-link\" href=\"https:\/\/editions-mandron.com\/index.php\/conditions-generales-de-vente\/\">Poursuivre la lecture <span class=\"screen-reader-text\">Conditions g\u00e9n\u00e9rales de vente<\/span><\/a><\/p>\n","protected":false},"author":1,"featured_media":0,"parent":0,"menu_order":0,"comment_status":"closed","ping_status":"closed","template":"","meta":{"footnotes":""},"class_list":["post-188","page","type-page","status-publish","hentry","entry"],"jetpack_sharing_enabled":true,"_links":{"self":[{"href":"https:\/\/editions-mandron.com\/index.php\/wp-json\/wp\/v2\/pages\/188","targetHints":{"allow":["GET"]}}],"collection":[{"href":"https:\/\/editions-mandron.com\/index.php\/wp-json\/wp\/v2\/pages"}],"about":[{"href":"https:\/\/editions-mandron.com\/index.php\/wp-json\/wp\/v2\/types\/page"}],"author":[{"embeddable":true,"href":"https:\/\/editions-mandron.com\/index.php\/wp-json\/wp\/v2\/users\/1"}],"replies":[{"embeddable":true,"href":"https:\/\/editions-mandron.com\/index.php\/wp-json\/wp\/v2\/comments?post=188"}],"version-history":[{"count":9,"href":"https:\/\/editions-mandron.com\/index.php\/wp-json\/wp\/v2\/pages\/188\/revisions"}],"predecessor-version":[{"id":1573,"href":"https:\/\/editions-mandron.com\/index.php\/wp-json\/wp\/v2\/pages\/188\/revisions\/1573"}],"wp:attachment":[{"href":"https:\/\/editions-mandron.com\/index.php\/wp-json\/wp\/v2\/media?parent=188"}],"curies":[{"name":"wp","href":"https:\/\/api.w.org\/{rel}","templated":true}]}}