{"id":305,"date":"2023-11-12T17:26:58","date_gmt":"2023-11-12T16:26:58","guid":{"rendered":"https:\/\/editions-mandron.com\/?page_id=305"},"modified":"2025-06-08T17:41:39","modified_gmt":"2025-06-08T15:41:39","slug":"la-charte-des-editions-conseils-mandron","status":"publish","type":"page","link":"https:\/\/editions-mandron.com\/index.php\/la-charte-des-editions-conseils-mandron\/","title":{"rendered":"La charte des Editions Conseils Mandron"},"content":{"rendered":"\n<p><strong><u>Historique&nbsp;:<\/u><\/strong><\/p>\n\n\n\n<p><strong><u>2017&nbsp;<\/u><\/strong>: cr\u00e9ation de la maison d&rsquo;\u00e9dition&nbsp;: publication et vente de livres sur la Foi chr\u00e9tienne pour toute la famille, liant foi et vie concr\u00e8te quotidienne<\/p>\n\n\n<div class=\"wp-block-image\">\n<figure class=\"aligncenter size-full is-resized\"><img loading=\"lazy\" decoding=\"async\" width=\"600\" height=\"319\" src=\"https:\/\/editions-mandron.com\/wp-content\/uploads\/2024\/07\/ECM_signature_rec_600-1.png\" alt=\"\" class=\"wp-image-723\" style=\"width:243px;height:auto\" srcset=\"https:\/\/editions-mandron.com\/wp-content\/uploads\/2024\/07\/ECM_signature_rec_600-1.png 600w, https:\/\/editions-mandron.com\/wp-content\/uploads\/2024\/07\/ECM_signature_rec_600-1-300x160.png 300w\" sizes=\"auto, (max-width: 600px) 100vw, 600px\" \/><\/figure>\n<\/div>\n\n\n<p><\/p>\n\n\n\n<p><strong>2024<\/strong> : . cr\u00e9ation de la <strong>Boutique en ligne<\/strong><\/p>\n\n\n\n<p>. Int\u00e9gration dans le R\u00e9seau du Livre : <strong>Dilicom<\/strong><\/p>\n\n\n<div class=\"wp-block-image\">\n<figure class=\"aligncenter size-full is-resized\"><img loading=\"lazy\" decoding=\"async\" width=\"287\" height=\"176\" src=\"https:\/\/editions-mandron.com\/wp-content\/uploads\/2024\/07\/images.jpg\" alt=\"\" class=\"wp-image-724\" style=\"width:227px;height:auto\"\/><\/figure>\n<\/div>\n\n\n<p><\/p>\n\n\n\n<p>. Int\u00e9gration dans le catalogue de r\u00e9f\u00e9rence national : <strong>L&rsquo;Officiel du Livre Chr\u00e9tien<\/strong> :<\/p>\n\n\n\n<p><\/p>\n\n\n\n<p><strong>Nouveau catalogue le 2 juin 2025<\/strong> :<\/p>\n\n\n<div class=\"wp-block-image\">\n<figure class=\"aligncenter size-large is-resized\"><img loading=\"lazy\" decoding=\"async\" width=\"724\" height=\"1024\" src=\"https:\/\/editions-mandron.com\/wp-content\/uploads\/2025\/06\/couverture_RVB-3-724x1024.jpg\" alt=\"\" class=\"wp-image-1576\" style=\"width:279px;height:auto\" srcset=\"https:\/\/editions-mandron.com\/wp-content\/uploads\/2025\/06\/couverture_RVB-3-724x1024.jpg 724w, https:\/\/editions-mandron.com\/wp-content\/uploads\/2025\/06\/couverture_RVB-3-212x300.jpg 212w, https:\/\/editions-mandron.com\/wp-content\/uploads\/2025\/06\/couverture_RVB-3-768x1086.jpg 768w, https:\/\/editions-mandron.com\/wp-content\/uploads\/2025\/06\/couverture_RVB-3.jpg 835w\" sizes=\"auto, (max-width: 724px) 100vw, 724px\" \/><\/figure>\n<\/div>\n\n<div class=\"wp-block-image\">\n<figure class=\"aligncenter size-large is-resized\"><img loading=\"lazy\" decoding=\"async\" width=\"1024\" height=\"1024\" src=\"https:\/\/editions-mandron.com\/wp-content\/uploads\/2024\/07\/post-editeurs-1024x1024.jpg\" alt=\"\" class=\"wp-image-725\" style=\"width:247px;height:auto\" srcset=\"https:\/\/editions-mandron.com\/wp-content\/uploads\/2024\/07\/post-editeurs-1024x1024.jpg 1024w, https:\/\/editions-mandron.com\/wp-content\/uploads\/2024\/07\/post-editeurs-300x300.jpg 300w, https:\/\/editions-mandron.com\/wp-content\/uploads\/2024\/07\/post-editeurs-150x150.jpg 150w, https:\/\/editions-mandron.com\/wp-content\/uploads\/2024\/07\/post-editeurs-768x768.jpg 768w, https:\/\/editions-mandron.com\/wp-content\/uploads\/2024\/07\/post-editeurs.jpg 1080w\" sizes=\"auto, (max-width: 1024px) 100vw, 1024px\" \/><\/figure>\n<\/div>\n\n\n<p><\/p>\n\n\n\n<p><strong>2025<\/strong> : Ouverture d&rsquo;une rubrique <strong>\u00ab\u00a0Jeunesse\u00a0\u00bb<\/strong> <strong><em>avec un nouveau concept d&rsquo;\u00e9quipe participante \u00e0 la cr\u00e9ation de livres pour enfants.<\/em><\/strong><\/p>\n\n\n\n<p><\/p>\n\n\n\n<p><strong><u>Descriptif&nbsp;:<\/u><\/strong><\/p>\n\n\n\n<p><strong><u>EDITIONS\u00a0: publication et vente de livres<\/u><\/strong> sur la Foi chr\u00e9tienne pour toute la famille : pri\u00e8res, m\u00e9ditations, formation spirituelle, guides pratiques, litt\u00e9rature religieuse, jeunesse.<\/p>\n\n\n\n<p><strong>CONSEILS : <\/strong>conseils, prestations, cr\u00e9ation d&rsquo;\u00e9quipes participantes \u00e0 des projets de livres dans les lieux spirituels, et service au client.<\/p>\n\n\n\n<p><\/p>\n","protected":false},"excerpt":{"rendered":"<p>Historique&nbsp;: 2017&nbsp;: cr\u00e9ation de la maison d&rsquo;\u00e9dition&nbsp;: publication et vente de livres sur la Foi chr\u00e9tienne pour toute la famille, liant foi et vie concr\u00e8te quotidienne 2024 : . cr\u00e9ation de la Boutique en ligne . Int\u00e9gration dans le R\u00e9seau du Livre : Dilicom . Int\u00e9gration dans le catalogue de r\u00e9f\u00e9rence national : L&rsquo;Officiel du&hellip; <a class=\"more-link\" href=\"https:\/\/editions-mandron.com\/index.php\/la-charte-des-editions-conseils-mandron\/\">Poursuivre la lecture <span class=\"screen-reader-text\">La charte des Editions Conseils Mandron<\/span><\/a><\/p>\n","protected":false},"author":1,"featured_media":0,"parent":0,"menu_order":0,"comment_status":"closed","ping_status":"closed","template":"","meta":{"footnotes":""},"class_list":["post-305","page","type-page","status-publish","hentry","entry"],"jetpack_sharing_enabled":true,"_links":{"self":[{"href":"https:\/\/editions-mandron.com\/index.php\/wp-json\/wp\/v2\/pages\/305","targetHints":{"allow":["GET"]}}],"collection":[{"href":"https:\/\/editions-mandron.com\/index.php\/wp-json\/wp\/v2\/pages"}],"about":[{"href":"https:\/\/editions-mandron.com\/index.php\/wp-json\/wp\/v2\/types\/page"}],"author":[{"embeddable":true,"href":"https:\/\/editions-mandron.com\/index.php\/wp-json\/wp\/v2\/users\/1"}],"replies":[{"embeddable":true,"href":"https:\/\/editions-mandron.com\/index.php\/wp-json\/wp\/v2\/comments?post=305"}],"version-history":[{"count":15,"href":"https:\/\/editions-mandron.com\/index.php\/wp-json\/wp\/v2\/pages\/305\/revisions"}],"predecessor-version":[{"id":1577,"href":"https:\/\/editions-mandron.com\/index.php\/wp-json\/wp\/v2\/pages\/305\/revisions\/1577"}],"wp:attachment":[{"href":"https:\/\/editions-mandron.com\/index.php\/wp-json\/wp\/v2\/media?parent=305"}],"curies":[{"name":"wp","href":"https:\/\/api.w.org\/{rel}","templated":true}]}}