{"id":804,"date":"2024-08-31T14:48:45","date_gmt":"2024-08-31T12:48:45","guid":{"rendered":"https:\/\/editions-mandron.com\/?page_id=804"},"modified":"2026-01-23T15:24:12","modified_gmt":"2026-01-23T14:24:12","slug":"jeunesse","status":"publish","type":"page","link":"https:\/\/editions-mandron.com\/index.php\/jeunesse\/","title":{"rendered":"Jeunesse"},"content":{"rendered":"\n<p><strong>En 2026<\/strong>, la maison d&rsquo;\u00e9dition \u00e9largit la tranche d&rsquo;\u00e2ge <strong>\u00e0 10 ans<\/strong> pour sa collection livret activit\u00e9s Jeunesse, proposant ainsi <strong>l&rsquo;essentiel <\/strong>pour nourrir la foi et aider chaque enfant \u00e0 grandir dans sa vie chr\u00e9tienne, <strong><em>de l&rsquo;Eveil \u00e0 la Foi \u00e0 la Cat\u00e9ch\u00e8se<\/em>,<\/strong> <strong><em>avec les premiers sacrements de l&rsquo;Eglise.<\/em><\/strong><\/p>\n\n\n\n<p><\/p>\n\n\n\n<p><strong><em>Promotion du d\u00e9but d&rsquo;une collection Jeunesse, joyeuse et color\u00e9e, avec le catalogue de r\u00e9f\u00e9rence nationale du livre chr\u00e9tien \u00ab\u00a0L&rsquo;Officiel du Livre Chr\u00e9tien\u00a0\u00bb le mardi 15 juillet 2025 :<\/em><\/strong><\/p>\n\n\n\n<figure class=\"wp-block-gallery has-nested-images columns-default is-cropped wp-block-gallery-1 is-layout-flex wp-block-gallery-is-layout-flex\">\n<figure class=\"wp-block-image size-large\"><img loading=\"lazy\" decoding=\"async\" width=\"1024\" height=\"1024\" data-id=\"1640\" src=\"https:\/\/editions-mandron.com\/wp-content\/uploads\/2025\/07\/Photo-OLC2-1-1024x1024.jpg\" alt=\"\" class=\"wp-image-1640\" srcset=\"https:\/\/editions-mandron.com\/wp-content\/uploads\/2025\/07\/Photo-OLC2-1-1024x1024.jpg 1024w, https:\/\/editions-mandron.com\/wp-content\/uploads\/2025\/07\/Photo-OLC2-1-300x300.jpg 300w, https:\/\/editions-mandron.com\/wp-content\/uploads\/2025\/07\/Photo-OLC2-1-150x150.jpg 150w, https:\/\/editions-mandron.com\/wp-content\/uploads\/2025\/07\/Photo-OLC2-1-768x768.jpg 768w, https:\/\/editions-mandron.com\/wp-content\/uploads\/2025\/07\/Photo-OLC2-1.jpg 1080w\" sizes=\"auto, (max-width: 1024px) 100vw, 1024px\" \/><\/figure>\n\n\n\n<figure class=\"wp-block-image size-large\"><img loading=\"lazy\" decoding=\"async\" width=\"1024\" height=\"1024\" data-id=\"1641\" src=\"https:\/\/editions-mandron.com\/wp-content\/uploads\/2025\/07\/Photo-OLC1-2-1024x1024.jpg\" alt=\"\" class=\"wp-image-1641\" srcset=\"https:\/\/editions-mandron.com\/wp-content\/uploads\/2025\/07\/Photo-OLC1-2-1024x1024.jpg 1024w, https:\/\/editions-mandron.com\/wp-content\/uploads\/2025\/07\/Photo-OLC1-2-300x300.jpg 300w, https:\/\/editions-mandron.com\/wp-content\/uploads\/2025\/07\/Photo-OLC1-2-150x150.jpg 150w, https:\/\/editions-mandron.com\/wp-content\/uploads\/2025\/07\/Photo-OLC1-2-768x768.jpg 768w, https:\/\/editions-mandron.com\/wp-content\/uploads\/2025\/07\/Photo-OLC1-2.jpg 1080w\" sizes=\"auto, (max-width: 1024px) 100vw, 1024px\" \/><\/figure>\n\n\n\n<figure class=\"wp-block-image size-large\"><img loading=\"lazy\" decoding=\"async\" width=\"1024\" height=\"1024\" data-id=\"1642\" src=\"https:\/\/editions-mandron.com\/wp-content\/uploads\/2025\/07\/Photo-OLC3-1-1024x1024.jpg\" alt=\"\" class=\"wp-image-1642\" srcset=\"https:\/\/editions-mandron.com\/wp-content\/uploads\/2025\/07\/Photo-OLC3-1-1024x1024.jpg 1024w, https:\/\/editions-mandron.com\/wp-content\/uploads\/2025\/07\/Photo-OLC3-1-300x300.jpg 300w, https:\/\/editions-mandron.com\/wp-content\/uploads\/2025\/07\/Photo-OLC3-1-150x150.jpg 150w, https:\/\/editions-mandron.com\/wp-content\/uploads\/2025\/07\/Photo-OLC3-1-768x768.jpg 768w, https:\/\/editions-mandron.com\/wp-content\/uploads\/2025\/07\/Photo-OLC3-1.jpg 1080w\" sizes=\"auto, (max-width: 1024px) 100vw, 1024px\" \/><\/figure>\n<\/figure>\n\n\n\n<figure class=\"wp-block-gallery has-nested-images columns-default is-cropped wp-block-gallery-2 is-layout-flex wp-block-gallery-is-layout-flex\">\n<figure class=\"wp-block-image size-large\"><img loading=\"lazy\" decoding=\"async\" width=\"794\" height=\"1001\" data-id=\"1549\" src=\"https:\/\/editions-mandron.com\/wp-content\/uploads\/2025\/06\/Photo-2.gif\" alt=\"\" class=\"wp-image-1549\"\/><\/figure>\n\n\n\n<figure class=\"wp-block-image size-large\"><img loading=\"lazy\" decoding=\"async\" width=\"927\" height=\"1024\" data-id=\"1550\" src=\"https:\/\/editions-mandron.com\/wp-content\/uploads\/2025\/06\/Couverture-3-927x1024.jpg\" alt=\"\" class=\"wp-image-1550\" srcset=\"https:\/\/editions-mandron.com\/wp-content\/uploads\/2025\/06\/Couverture-3-927x1024.jpg 927w, https:\/\/editions-mandron.com\/wp-content\/uploads\/2025\/06\/Couverture-3-271x300.jpg 271w, https:\/\/editions-mandron.com\/wp-content\/uploads\/2025\/06\/Couverture-3-768x849.jpg 768w, https:\/\/editions-mandron.com\/wp-content\/uploads\/2025\/06\/Couverture-3-1390x1536.jpg 1390w, https:\/\/editions-mandron.com\/wp-content\/uploads\/2025\/06\/Couverture-3-1853x2048.jpg 1853w, https:\/\/editions-mandron.com\/wp-content\/uploads\/2025\/06\/Couverture-3-1568x1733.jpg 1568w\" sizes=\"auto, (max-width: 927px) 100vw, 927px\" \/><\/figure>\n\n\n\n<figure class=\"wp-block-image size-large\"><img loading=\"lazy\" decoding=\"async\" width=\"927\" height=\"1024\" data-id=\"1551\" src=\"https:\/\/editions-mandron.com\/wp-content\/uploads\/2025\/06\/Quatrieme-de-couv-1-927x1024.jpg\" alt=\"\" class=\"wp-image-1551\" srcset=\"https:\/\/editions-mandron.com\/wp-content\/uploads\/2025\/06\/Quatrieme-de-couv-1-927x1024.jpg 927w, https:\/\/editions-mandron.com\/wp-content\/uploads\/2025\/06\/Quatrieme-de-couv-1-271x300.jpg 271w, https:\/\/editions-mandron.com\/wp-content\/uploads\/2025\/06\/Quatrieme-de-couv-1-768x849.jpg 768w, https:\/\/editions-mandron.com\/wp-content\/uploads\/2025\/06\/Quatrieme-de-couv-1-1390x1536.jpg 1390w, https:\/\/editions-mandron.com\/wp-content\/uploads\/2025\/06\/Quatrieme-de-couv-1-1853x2048.jpg 1853w, https:\/\/editions-mandron.com\/wp-content\/uploads\/2025\/06\/Quatrieme-de-couv-1-1568x1733.jpg 1568w\" sizes=\"auto, (max-width: 927px) 100vw, 927px\" \/><\/figure>\n<\/figure>\n\n\n\n<p><strong><em>La maison d&rsquo;\u00e9dition est heureuse d&rsquo;inviter les enfants de 3 \u00e0 8 ans \u00e0 d\u00e9couvrir Sainte Bernadette, \u00e0 mieux la conna\u00eetre, et \u00e0 l&rsquo;aimer, tout en apprenant et en s&rsquo;amusant, dans un livre cat\u00e9ch\u00e8se-activit\u00e9s<\/em><\/strong> <strong><em>qui va para\u00eetre au mois de Mai 2025, mois de Marie<\/em><\/strong> : <\/p>\n\n\n\n<p class=\"has-text-align-center\"><strong>\u00ab\u00a0Bernadette, mon amie de Lourdes \u00e0 Nevers\u00a0\u00bb.<\/strong><\/p>\n\n\n\n<p><\/p>\n\n\n\n<p><strong><em>Equipe participante au livre : <\/em><\/strong><\/p>\n\n\n\n<p><strong>Editions Conseils Mandron<\/strong>, maison d&rsquo;\u00e9dition chr\u00e9tienne ;<\/p>\n\n\n\n<p><strong>Marie Kervizic<\/strong> (biographie dans la rubrique <strong><em>\u00ab\u00a0Biographie des auteurs et illustrateurs\u00a0\u00bb<\/em><\/strong>), illustratrice et maquettiste, descendante d&rsquo;Henri Lasserre, miracul\u00e9 et premier historien de Lourdes, R\u00e9dactrice en Chef d&rsquo;une revue catholique pour enfants ; <strong>Avec l&rsquo;aide des Sanctuaires<\/strong> ; <strong>Avant-Propos du Directeur du Sanctuaire \u00ab\u00a0ESPACE BERNADETTE SOUBIROUS\u00a0\u00bb \u00e0 Nevers.<\/strong><\/p>\n\n\n\n<p><\/p>\n\n\n\n<figure class=\"wp-block-embed aligncenter is-type-video is-provider-youtube wp-block-embed-youtube wp-embed-aspect-16-9 wp-has-aspect-ratio\"><div class=\"wp-block-embed__wrapper\">\n<iframe loading=\"lazy\" title=\"Qui es tu Bernadette Soubirous ? De Lourdes \u00e0 Nevers moments intimes\" width=\"750\" height=\"422\" src=\"https:\/\/www.youtube.com\/embed\/40xehw8TsS4?feature=oembed\" frameborder=\"0\" allow=\"accelerometer; autoplay; clipboard-write; encrypted-media; gyroscope; picture-in-picture; web-share\" referrerpolicy=\"strict-origin-when-cross-origin\" allowfullscreen><\/iframe>\n<\/div><\/figure>\n\n\n\n<p class=\"has-text-align-center\"><strong><em>En 2025, nous f\u00eatons le Centenaire de la B\u00e9atification de Bernadette<\/em><\/strong> : \u00e9v\u00e8nements, spectacles, animations&#8230; <\/p>\n\n\n\n<p><\/p>\n\n\n\n<p class=\"has-text-align-center\">La maison d&rsquo;\u00e9dition a le d\u00e9sir de proposer des livres \u00ab\u00a0jeunesse\u00a0\u00bb pour nourrir la foi des enfants, de fa\u00e7on ludique, et les aider \u00e0 grandir dans leur vie chr\u00e9tienne ! D&rsquo;autres projets sont \u00e0 l&rsquo;\u00e9tude pour l&rsquo;ann\u00e9e 2026 !<\/p>\n\n\n\n<figure class=\"wp-block-gallery has-nested-images columns-default is-cropped wp-block-gallery-3 is-layout-flex wp-block-gallery-is-layout-flex\">\n<figure class=\"wp-block-image size-large\"><img loading=\"lazy\" decoding=\"async\" width=\"506\" height=\"640\" data-id=\"1263\" src=\"https:\/\/editions-mandron.com\/wp-content\/uploads\/2024\/12\/Photo-Grotte-Lourdes-cierges-allumes.jpg\" alt=\"\" class=\"wp-image-1263\" srcset=\"https:\/\/editions-mandron.com\/wp-content\/uploads\/2024\/12\/Photo-Grotte-Lourdes-cierges-allumes.jpg 506w, https:\/\/editions-mandron.com\/wp-content\/uploads\/2024\/12\/Photo-Grotte-Lourdes-cierges-allumes-237x300.jpg 237w\" sizes=\"auto, (max-width: 506px) 100vw, 506px\" \/><\/figure>\n\n\n\n<figure class=\"wp-block-image size-large\"><img loading=\"lazy\" decoding=\"async\" width=\"768\" height=\"1024\" data-id=\"1264\" src=\"https:\/\/editions-mandron.com\/wp-content\/uploads\/2024\/12\/Jardin-aux-roses-du-Couvent-St-Gildard-a-Nevers-768x1024.jpg\" alt=\"\" class=\"wp-image-1264\" srcset=\"https:\/\/editions-mandron.com\/wp-content\/uploads\/2024\/12\/Jardin-aux-roses-du-Couvent-St-Gildard-a-Nevers-768x1024.jpg 768w, https:\/\/editions-mandron.com\/wp-content\/uploads\/2024\/12\/Jardin-aux-roses-du-Couvent-St-Gildard-a-Nevers-225x300.jpg 225w, https:\/\/editions-mandron.com\/wp-content\/uploads\/2024\/12\/Jardin-aux-roses-du-Couvent-St-Gildard-a-Nevers-1152x1536.jpg 1152w, https:\/\/editions-mandron.com\/wp-content\/uploads\/2024\/12\/Jardin-aux-roses-du-Couvent-St-Gildard-a-Nevers-1536x2048.jpg 1536w, https:\/\/editions-mandron.com\/wp-content\/uploads\/2024\/12\/Jardin-aux-roses-du-Couvent-St-Gildard-a-Nevers-1568x2091.jpg 1568w, https:\/\/editions-mandron.com\/wp-content\/uploads\/2024\/12\/Jardin-aux-roses-du-Couvent-St-Gildard-a-Nevers-scaled.jpg 1920w\" sizes=\"auto, (max-width: 768px) 100vw, 768px\" \/><\/figure>\n<\/figure>\n\n\n\n<figure class=\"wp-block-gallery has-nested-images columns-default is-cropped wp-block-gallery-4 is-layout-flex wp-block-gallery-is-layout-flex\">\n<figure class=\"wp-block-image size-large\"><img loading=\"lazy\" decoding=\"async\" width=\"526\" height=\"526\" data-id=\"1108\" src=\"https:\/\/editions-mandron.com\/wp-content\/uploads\/2024\/11\/PHOTOB3.jpg\" alt=\"\" class=\"wp-image-1108\" srcset=\"https:\/\/editions-mandron.com\/wp-content\/uploads\/2024\/11\/PHOTOB3.jpg 526w, https:\/\/editions-mandron.com\/wp-content\/uploads\/2024\/11\/PHOTOB3-300x300.jpg 300w, https:\/\/editions-mandron.com\/wp-content\/uploads\/2024\/11\/PHOTOB3-150x150.jpg 150w\" sizes=\"auto, (max-width: 526px) 100vw, 526px\" \/><\/figure>\n\n\n\n<figure class=\"wp-block-image size-large\"><img loading=\"lazy\" decoding=\"async\" width=\"526\" height=\"526\" data-id=\"1109\" src=\"https:\/\/editions-mandron.com\/wp-content\/uploads\/2024\/11\/PHOTOB2.jpg\" alt=\"\" class=\"wp-image-1109\" srcset=\"https:\/\/editions-mandron.com\/wp-content\/uploads\/2024\/11\/PHOTOB2.jpg 526w, https:\/\/editions-mandron.com\/wp-content\/uploads\/2024\/11\/PHOTOB2-300x300.jpg 300w, https:\/\/editions-mandron.com\/wp-content\/uploads\/2024\/11\/PHOTOB2-150x150.jpg 150w\" sizes=\"auto, (max-width: 526px) 100vw, 526px\" \/><\/figure>\n\n\n\n<figure class=\"wp-block-image size-large\"><img loading=\"lazy\" decoding=\"async\" width=\"526\" height=\"526\" data-id=\"1110\" src=\"https:\/\/editions-mandron.com\/wp-content\/uploads\/2024\/11\/Photo-corps-intact-de-Bernadette.jpg\" alt=\"\" class=\"wp-image-1110\" srcset=\"https:\/\/editions-mandron.com\/wp-content\/uploads\/2024\/11\/Photo-corps-intact-de-Bernadette.jpg 526w, https:\/\/editions-mandron.com\/wp-content\/uploads\/2024\/11\/Photo-corps-intact-de-Bernadette-300x300.jpg 300w, https:\/\/editions-mandron.com\/wp-content\/uploads\/2024\/11\/Photo-corps-intact-de-Bernadette-150x150.jpg 150w\" sizes=\"auto, (max-width: 526px) 100vw, 526px\" \/><\/figure>\n<\/figure>\n\n\n\n<p><\/p>\n","protected":false},"excerpt":{"rendered":"<p>En 2026, la maison d&rsquo;\u00e9dition \u00e9largit la tranche d&rsquo;\u00e2ge \u00e0 10 ans pour sa collection livret activit\u00e9s Jeunesse, proposant ainsi l&rsquo;essentiel pour nourrir la foi et aider chaque enfant \u00e0 grandir dans sa vie chr\u00e9tienne, de l&rsquo;Eveil \u00e0 la Foi \u00e0 la Cat\u00e9ch\u00e8se, avec les premiers sacrements de l&rsquo;Eglise. Promotion du d\u00e9but d&rsquo;une collection Jeunesse,&hellip; <a class=\"more-link\" href=\"https:\/\/editions-mandron.com\/index.php\/jeunesse\/\">Poursuivre la lecture <span class=\"screen-reader-text\">Jeunesse<\/span><\/a><\/p>\n","protected":false},"author":1,"featured_media":0,"parent":0,"menu_order":0,"comment_status":"closed","ping_status":"closed","template":"","meta":{"footnotes":""},"class_list":["post-804","page","type-page","status-publish","hentry","entry"],"jetpack_sharing_enabled":true,"_links":{"self":[{"href":"https:\/\/editions-mandron.com\/index.php\/wp-json\/wp\/v2\/pages\/804","targetHints":{"allow":["GET"]}}],"collection":[{"href":"https:\/\/editions-mandron.com\/index.php\/wp-json\/wp\/v2\/pages"}],"about":[{"href":"https:\/\/editions-mandron.com\/index.php\/wp-json\/wp\/v2\/types\/page"}],"author":[{"embeddable":true,"href":"https:\/\/editions-mandron.com\/index.php\/wp-json\/wp\/v2\/users\/1"}],"replies":[{"embeddable":true,"href":"https:\/\/editions-mandron.com\/index.php\/wp-json\/wp\/v2\/comments?post=804"}],"version-history":[{"count":29,"href":"https:\/\/editions-mandron.com\/index.php\/wp-json\/wp\/v2\/pages\/804\/revisions"}],"predecessor-version":[{"id":1968,"href":"https:\/\/editions-mandron.com\/index.php\/wp-json\/wp\/v2\/pages\/804\/revisions\/1968"}],"wp:attachment":[{"href":"https:\/\/editions-mandron.com\/index.php\/wp-json\/wp\/v2\/media?parent=804"}],"curies":[{"name":"wp","href":"https:\/\/api.w.org\/{rel}","templated":true}]}}