{"id":810,"date":"2024-08-31T14:50:50","date_gmt":"2024-08-31T12:50:50","guid":{"rendered":"https:\/\/editions-mandron.com\/?page_id=810"},"modified":"2025-11-04T10:25:07","modified_gmt":"2025-11-04T09:25:07","slug":"meditations","status":"publish","type":"page","link":"https:\/\/editions-mandron.com\/index.php\/meditations\/","title":{"rendered":"M\u00e9ditations, Philippe de Givry"},"content":{"rendered":"\n<h2 class=\"wp-block-heading\">Philippe de Givry<\/h2>\n\n\n<div class=\"wp-block-image\">\n<figure class=\"aligncenter size-large is-resized\"><img loading=\"lazy\" decoding=\"async\" width=\"782\" height=\"1024\" src=\"https:\/\/editions-mandron.com\/wp-content\/uploads\/2024\/09\/2020-01-26_photo-Philippe-de-Givry-pour-editeur-782x1024.jpg\" alt=\"\" class=\"wp-image-958\" style=\"width:201px;height:auto\" srcset=\"https:\/\/editions-mandron.com\/wp-content\/uploads\/2024\/09\/2020-01-26_photo-Philippe-de-Givry-pour-editeur-782x1024.jpg 782w, https:\/\/editions-mandron.com\/wp-content\/uploads\/2024\/09\/2020-01-26_photo-Philippe-de-Givry-pour-editeur-229x300.jpg 229w, https:\/\/editions-mandron.com\/wp-content\/uploads\/2024\/09\/2020-01-26_photo-Philippe-de-Givry-pour-editeur-768x1006.jpg 768w, https:\/\/editions-mandron.com\/wp-content\/uploads\/2024\/09\/2020-01-26_photo-Philippe-de-Givry-pour-editeur.jpg 1139w\" sizes=\"auto, (max-width: 782px) 100vw, 782px\" \/><\/figure>\n<\/div>\n\n\n<h3 class=\"wp-block-heading has-text-align-center\"><strong>Livre d&rsquo;Or<\/strong><\/h3>\n\n\n\n<p>\u00ab\u00a0<strong>Philippe, MERCI <\/strong>pour ces mots qui m&rsquo;apaisent et me consolent dans cette qu\u00eate fabuleuse qu&rsquo;est la vie&#8230; Je verse quelques larmes en vous lisant, votre lecture du vivant, et de votre \u00eatre \u00e9veill\u00e9 me touchent. Je vous souhaite d&rsquo;accueillir encore davantage, et de transmettre, sans crainte, une v\u00e9rit\u00e9 qui nous rassemble, en paix. Vous accompagnez la suite de mon chemin, et pour cela, merci&#8230;\u00a0\u00bb &#8211; Soluna H. <\/p>\n\n\n\n<p>\u00ab\u00a0<strong>Merci Philippe<\/strong> pour ce petit chemin de campagne, si simple \u00e0 suivre, avec ses tours et d\u00e9tours, ses zones d&rsquo;ombre et de rayonnement, mais qu&rsquo;il faut vouloir emprunter pour qu&rsquo;il livre ses tr\u00e9sors quotidiens, puis\u00e9s dans l&rsquo;\u00e9ternelle Sagesse divine. On y apprend \u00e0 aimer la simplicit\u00e9, le moment pr\u00e9sent. On y accueille quotidiennement des sourires radieux et amicaux de l&rsquo;infinie Beaut\u00e9 divine. La vie est pleine de cadeaux, et nos coeurs sont trop petits pour tous les accueillir\u00a0\u00bb. &#8211; Fr\u00e8re Beno\u00eet B.<\/p>\n\n\n\n<p><\/p>\n\n\n\n<h3 class=\"wp-block-heading has-text-align-center\"><strong>Article<\/strong>s <strong>2024<\/strong><\/h3>\n\n\n\n<p><strong><em>A lire l&rsquo;article du 2 f\u00e9vrier 2024 <\/em><\/strong>sur le blog de S\u0153ur Mich\u00e8le Jeunet de <strong>Notre-Dame du C\u00e9nacle, Centre Spirituel \u00e0 Versailles <\/strong>:<\/p>\n\n\n<div class=\"wp-block-image\">\n<figure class=\"aligncenter size-full is-resized\"><img loading=\"lazy\" decoding=\"async\" width=\"580\" height=\"290\" src=\"https:\/\/editions-mandron.com\/wp-content\/uploads\/2024\/09\/NDC-Francais.png\" alt=\"\" class=\"wp-image-931\" style=\"width:343px;height:auto\" srcset=\"https:\/\/editions-mandron.com\/wp-content\/uploads\/2024\/09\/NDC-Francais.png 580w, https:\/\/editions-mandron.com\/wp-content\/uploads\/2024\/09\/NDC-Francais-300x150.png 300w\" sizes=\"auto, (max-width: 580px) 100vw, 580px\" \/><\/figure>\n<\/div>\n\n\n<p><a href=\"http:\/\/aubonheurdedieu-soeurmichele.over-blog.com\/2024\/02\/un-precieux-petit-livre-de-philippe-de-givry.html\" data-type=\"link\" data-id=\"http:\/\/aubonheurdedieu-soeurmichele.over-blog.com\/2024\/02\/un-precieux-petit-livre-de-philippe-de-givry.html\">http:\/\/aubonheurdedieu-soeurmichele.over-blog.com\/2024\/02\/un-precieux-petit-livre-de-philippe-de-givry.html<\/a><\/p>\n\n\n\n<p><\/p>\n\n\n<div class=\"wp-block-image\">\n<figure class=\"aligncenter size-full is-resized\"><img loading=\"lazy\" decoding=\"async\" width=\"768\" height=\"1024\" src=\"https:\/\/editions-mandron.com\/wp-content\/uploads\/2024\/09\/centre-spirituel-de-versailles-19-768x1024-5.jpg\" alt=\"\" class=\"wp-image-943\" style=\"width:260px;height:auto\" srcset=\"https:\/\/editions-mandron.com\/wp-content\/uploads\/2024\/09\/centre-spirituel-de-versailles-19-768x1024-5.jpg 768w, https:\/\/editions-mandron.com\/wp-content\/uploads\/2024\/09\/centre-spirituel-de-versailles-19-768x1024-5-225x300.jpg 225w\" sizes=\"auto, (max-width: 768px) 100vw, 768px\" \/><\/figure>\n<\/div>\n\n\n<p><\/p>\n\n\n\n<p><strong><em>D\u00e9couvrez ci-dessous, <\/em><\/strong>en scannant le <em>\u00ab\u00a0<\/em>QR-CODE<em>\u00a0\u00bb avec votre t\u00e9l\u00e9phone portable<\/em><strong><em>, l&rsquo;extrait de la nouvelle \u00e9dition 2023 du livre de Philippe de Givry : \u00ab\u00a0Un chemin d&rsquo;apaisement\u00a0\u00bb :<\/em><\/strong><\/p>\n\n\n<div class=\"wp-block-image\">\n<figure class=\"aligncenter size-full is-resized\"><img loading=\"lazy\" decoding=\"async\" width=\"486\" height=\"834\" src=\"https:\/\/editions-mandron.com\/wp-content\/uploads\/2024\/09\/Encart-livre-Philippe-de-Givry-1.png\" alt=\"\" class=\"wp-image-1059\" style=\"width:274px;height:auto\" srcset=\"https:\/\/editions-mandron.com\/wp-content\/uploads\/2024\/09\/Encart-livre-Philippe-de-Givry-1.png 486w, https:\/\/editions-mandron.com\/wp-content\/uploads\/2024\/09\/Encart-livre-Philippe-de-Givry-1-175x300.png 175w\" sizes=\"auto, (max-width: 486px) 100vw, 486px\" \/><\/figure>\n<\/div>\n\n\n<p><\/p>\n\n\n\n<p>Philippe de Givry a fait un an de noviciat \u00e0 l&rsquo;Abbaye Notre-Dame de Tami\u00e9, en Savoie. Il p\u00e9lerine chaque ann\u00e9e, dans ce beau cadre m\u00e9ditatif et spirituel, accompagn\u00e9 notamment des Fr\u00e8res de l&rsquo;Abbaye, pour des retraites, dans le calme et la s\u00e9r\u00e9nit\u00e9, o\u00f9 de beaux textes continuent d&rsquo;\u00eatre cr\u00e9\u00e9s, en cette ann\u00e9e 2024&#8230;<\/p>\n\n\n\n<p><\/p>\n","protected":false},"excerpt":{"rendered":"<p>Philippe de Givry Livre d&rsquo;Or \u00ab\u00a0Philippe, MERCI pour ces mots qui m&rsquo;apaisent et me consolent dans cette qu\u00eate fabuleuse qu&rsquo;est la vie&#8230; Je verse quelques larmes en vous lisant, votre lecture du vivant, et de votre \u00eatre \u00e9veill\u00e9 me touchent. Je vous souhaite d&rsquo;accueillir encore davantage, et de transmettre, sans crainte, une v\u00e9rit\u00e9 qui nous&hellip; <a class=\"more-link\" href=\"https:\/\/editions-mandron.com\/index.php\/meditations\/\">Poursuivre la lecture <span class=\"screen-reader-text\">M\u00e9ditations, Philippe de Givry<\/span><\/a><\/p>\n","protected":false},"author":1,"featured_media":0,"parent":0,"menu_order":0,"comment_status":"closed","ping_status":"closed","template":"","meta":{"footnotes":""},"class_list":["post-810","page","type-page","status-publish","hentry","entry"],"jetpack_sharing_enabled":true,"_links":{"self":[{"href":"https:\/\/editions-mandron.com\/index.php\/wp-json\/wp\/v2\/pages\/810","targetHints":{"allow":["GET"]}}],"collection":[{"href":"https:\/\/editions-mandron.com\/index.php\/wp-json\/wp\/v2\/pages"}],"about":[{"href":"https:\/\/editions-mandron.com\/index.php\/wp-json\/wp\/v2\/types\/page"}],"author":[{"embeddable":true,"href":"https:\/\/editions-mandron.com\/index.php\/wp-json\/wp\/v2\/users\/1"}],"replies":[{"embeddable":true,"href":"https:\/\/editions-mandron.com\/index.php\/wp-json\/wp\/v2\/comments?post=810"}],"version-history":[{"count":17,"href":"https:\/\/editions-mandron.com\/index.php\/wp-json\/wp\/v2\/pages\/810\/revisions"}],"predecessor-version":[{"id":1821,"href":"https:\/\/editions-mandron.com\/index.php\/wp-json\/wp\/v2\/pages\/810\/revisions\/1821"}],"wp:attachment":[{"href":"https:\/\/editions-mandron.com\/index.php\/wp-json\/wp\/v2\/media?parent=810"}],"curies":[{"name":"wp","href":"https:\/\/api.w.org\/{rel}","templated":true}]}}