{"id":830,"date":"2024-08-31T15:00:32","date_gmt":"2024-08-31T13:00:32","guid":{"rendered":"https:\/\/editions-mandron.com\/?page_id=830"},"modified":"2025-11-04T10:33:33","modified_gmt":"2025-11-04T09:33:33","slug":"autres-librairies","status":"publish","type":"page","link":"https:\/\/editions-mandron.com\/index.php\/autres-librairies\/","title":{"rendered":"Articles\/photos\/Livre d&rsquo;Or Expositions\/ Anne Foug\u00e8re"},"content":{"rendered":"\n<p><\/p>\n\n\n\n<h2 class=\"wp-block-heading\">Articles\/photos\/Livre d&rsquo;Or\/ Anne Foug\u00e8re, auteur<\/h2>\n\n\n\n<p><\/p>\n\n\n\n<p><strong><em>Photos<\/em><\/strong><\/p>\n\n\n\n<figure class=\"wp-block-gallery has-nested-images columns-default is-cropped wp-block-gallery-1 is-layout-flex wp-block-gallery-is-layout-flex\">\n<figure class=\"wp-block-image size-large\"><img loading=\"lazy\" decoding=\"async\" width=\"719\" height=\"1024\" data-id=\"1807\" src=\"https:\/\/editions-mandron.com\/wp-content\/uploads\/2025\/11\/Couverture-JEPG-Foi-et-patchwork-une-alliance-feconde-2-719x1024.jpg\" alt=\"\" class=\"wp-image-1807\" srcset=\"https:\/\/editions-mandron.com\/wp-content\/uploads\/2025\/11\/Couverture-JEPG-Foi-et-patchwork-une-alliance-feconde-2-719x1024.jpg 719w, https:\/\/editions-mandron.com\/wp-content\/uploads\/2025\/11\/Couverture-JEPG-Foi-et-patchwork-une-alliance-feconde-2-211x300.jpg 211w, https:\/\/editions-mandron.com\/wp-content\/uploads\/2025\/11\/Couverture-JEPG-Foi-et-patchwork-une-alliance-feconde-2.jpg 768w\" sizes=\"auto, (max-width: 719px) 100vw, 719px\" \/><\/figure>\n\n\n\n<figure class=\"wp-block-image size-large\"><img loading=\"lazy\" decoding=\"async\" width=\"768\" height=\"1024\" data-id=\"1808\" src=\"https:\/\/editions-mandron.com\/wp-content\/uploads\/2025\/11\/Photo-Anne-Fougere-2025-2-768x1024.jpg\" alt=\"\" class=\"wp-image-1808\" srcset=\"https:\/\/editions-mandron.com\/wp-content\/uploads\/2025\/11\/Photo-Anne-Fougere-2025-2-768x1024.jpg 768w, https:\/\/editions-mandron.com\/wp-content\/uploads\/2025\/11\/Photo-Anne-Fougere-2025-2-225x300.jpg 225w, https:\/\/editions-mandron.com\/wp-content\/uploads\/2025\/11\/Photo-Anne-Fougere-2025-2-1152x1536.jpg 1152w, https:\/\/editions-mandron.com\/wp-content\/uploads\/2025\/11\/Photo-Anne-Fougere-2025-2.jpg 1536w\" sizes=\"auto, (max-width: 768px) 100vw, 768px\" \/><\/figure>\n\n\n\n<figure class=\"wp-block-image size-large\"><img loading=\"lazy\" decoding=\"async\" width=\"768\" height=\"1024\" data-id=\"1809\" src=\"https:\/\/editions-mandron.com\/wp-content\/uploads\/2025\/11\/Photo-Anne-Fougere-1-768x1024.jpg\" alt=\"\" class=\"wp-image-1809\" srcset=\"https:\/\/editions-mandron.com\/wp-content\/uploads\/2025\/11\/Photo-Anne-Fougere-1-768x1024.jpg 768w, https:\/\/editions-mandron.com\/wp-content\/uploads\/2025\/11\/Photo-Anne-Fougere-1-225x300.jpg 225w, https:\/\/editions-mandron.com\/wp-content\/uploads\/2025\/11\/Photo-Anne-Fougere-1-1152x1536.jpg 1152w, https:\/\/editions-mandron.com\/wp-content\/uploads\/2025\/11\/Photo-Anne-Fougere-1-1536x2048.jpg 1536w, https:\/\/editions-mandron.com\/wp-content\/uploads\/2025\/11\/Photo-Anne-Fougere-1-1568x2091.jpg 1568w, https:\/\/editions-mandron.com\/wp-content\/uploads\/2025\/11\/Photo-Anne-Fougere-1-scaled.jpg 1920w\" sizes=\"auto, (max-width: 768px) 100vw, 768px\" \/><\/figure>\n\n\n\n<figure class=\"wp-block-image size-large\"><img loading=\"lazy\" decoding=\"async\" width=\"1024\" height=\"709\" data-id=\"1810\" src=\"https:\/\/editions-mandron.com\/wp-content\/uploads\/2025\/11\/Eauze_Anne_Patchwork1-1-1024x709.jpg\" alt=\"\" class=\"wp-image-1810\" srcset=\"https:\/\/editions-mandron.com\/wp-content\/uploads\/2025\/11\/Eauze_Anne_Patchwork1-1-1024x709.jpg 1024w, https:\/\/editions-mandron.com\/wp-content\/uploads\/2025\/11\/Eauze_Anne_Patchwork1-1-300x208.jpg 300w, https:\/\/editions-mandron.com\/wp-content\/uploads\/2025\/11\/Eauze_Anne_Patchwork1-1-768x532.jpg 768w, https:\/\/editions-mandron.com\/wp-content\/uploads\/2025\/11\/Eauze_Anne_Patchwork1-1-1536x1064.jpg 1536w, https:\/\/editions-mandron.com\/wp-content\/uploads\/2025\/11\/Eauze_Anne_Patchwork1-1-1568x1086.jpg 1568w, https:\/\/editions-mandron.com\/wp-content\/uploads\/2025\/11\/Eauze_Anne_Patchwork1-1.jpg 1999w\" sizes=\"auto, (max-width: 1024px) 100vw, 1024px\" \/><\/figure>\n\n\n\n<figure class=\"wp-block-image size-large\"><img loading=\"lazy\" decoding=\"async\" width=\"724\" height=\"1024\" data-id=\"1811\" src=\"https:\/\/editions-mandron.com\/wp-content\/uploads\/2025\/11\/AFFICHE-FSB-VIC-2025-A3-1-724x1024.png\" alt=\"\" class=\"wp-image-1811\" srcset=\"https:\/\/editions-mandron.com\/wp-content\/uploads\/2025\/11\/AFFICHE-FSB-VIC-2025-A3-1-724x1024.png 724w, https:\/\/editions-mandron.com\/wp-content\/uploads\/2025\/11\/AFFICHE-FSB-VIC-2025-A3-1-212x300.png 212w, https:\/\/editions-mandron.com\/wp-content\/uploads\/2025\/11\/AFFICHE-FSB-VIC-2025-A3-1-768x1086.png 768w, https:\/\/editions-mandron.com\/wp-content\/uploads\/2025\/11\/AFFICHE-FSB-VIC-2025-A3-1-1086x1536.png 1086w, https:\/\/editions-mandron.com\/wp-content\/uploads\/2025\/11\/AFFICHE-FSB-VIC-2025-A3-1.png 1414w\" sizes=\"auto, (max-width: 724px) 100vw, 724px\" \/><\/figure>\n\n\n\n<figure class=\"wp-block-image size-large\"><img loading=\"lazy\" decoding=\"async\" width=\"328\" height=\"246\" data-id=\"1812\" src=\"https:\/\/editions-mandron.com\/wp-content\/uploads\/2025\/11\/Photo-exterieur-eglise-St-Pierre-Vic-Fezensac-Gers-1.png\" alt=\"\" class=\"wp-image-1812\" srcset=\"https:\/\/editions-mandron.com\/wp-content\/uploads\/2025\/11\/Photo-exterieur-eglise-St-Pierre-Vic-Fezensac-Gers-1.png 328w, https:\/\/editions-mandron.com\/wp-content\/uploads\/2025\/11\/Photo-exterieur-eglise-St-Pierre-Vic-Fezensac-Gers-1-300x225.png 300w\" sizes=\"auto, (max-width: 328px) 100vw, 328px\" \/><\/figure>\n\n\n\n<figure class=\"wp-block-image size-large\"><img loading=\"lazy\" decoding=\"async\" width=\"396\" height=\"297\" data-id=\"1813\" src=\"https:\/\/editions-mandron.com\/wp-content\/uploads\/2025\/11\/Photo-interieur-eglise-St-Pierre-1.png\" alt=\"\" class=\"wp-image-1813\" srcset=\"https:\/\/editions-mandron.com\/wp-content\/uploads\/2025\/11\/Photo-interieur-eglise-St-Pierre-1.png 396w, https:\/\/editions-mandron.com\/wp-content\/uploads\/2025\/11\/Photo-interieur-eglise-St-Pierre-1-300x225.png 300w\" sizes=\"auto, (max-width: 396px) 100vw, 396px\" \/><\/figure>\n\n\n\n<figure class=\"wp-block-image size-large\"><img loading=\"lazy\" decoding=\"async\" width=\"512\" height=\"640\" data-id=\"1814\" src=\"https:\/\/editions-mandron.com\/wp-content\/uploads\/2025\/11\/Cathedrale-Auch-Gers.jpg\" alt=\"\" class=\"wp-image-1814\" srcset=\"https:\/\/editions-mandron.com\/wp-content\/uploads\/2025\/11\/Cathedrale-Auch-Gers.jpg 512w, https:\/\/editions-mandron.com\/wp-content\/uploads\/2025\/11\/Cathedrale-Auch-Gers-240x300.jpg 240w\" sizes=\"auto, (max-width: 512px) 100vw, 512px\" \/><\/figure>\n<\/figure>\n\n\n\n<p>Anne Foug\u00e8re expose r\u00e9guli\u00e8rement ses tableaux \u00e0 caract\u00e8re sacr\u00e9 en patchwork et broderie, tr\u00e8s appr\u00e9ci\u00e9s dans les \u00e9glises et les cath\u00e9drales du dioc\u00e8se d&rsquo;Auch, dans le Gers, notamment \u00e0 Vic-F\u00e9zensac, Eauze, Auch, etc&#8230; <\/p>\n\n\n\n<p><strong><em>Voici un extrait du \u00ab\u00a0Livre d&rsquo;Or\u00a0\u00bb \u00e0 disposition des visiteurs et des fid\u00e8les \u00e0 l&rsquo;exposition du 23 juin au 11 septembre 2024, dans la Cath\u00e9drale d&rsquo;Eauze :<\/em><\/strong><\/p>\n\n\n\n<p>\u00ab\u00a0Super joli, j&rsquo;ai ador\u00e9 \u00ab\u00a0Le Chemin de la Vierge Marie\u00a0\u00bb, et tous les patchworks, mais en particulier celui-ci. Le vitrail en rosas, je l&rsquo;ai beaucoup aim\u00e9\u00a0\u00bb. <strong>In\u00e8s, 10 ans.<\/strong><\/p>\n\n\n\n<p>\u00ab\u00a0Merci beaucoup. Tr\u00e8s original et instructif (\u00ab\u00a0De la Cr\u00e9ation \u00e0 la Nativit\u00e9\u00a0\u00bb par exemple). Tr\u00e8s beau : comme ma fille, mon pr\u00e9f\u00e9r\u00e9 est la Bande Dessin\u00e9e du Chemin de vie de la Vierge Marie. <strong>B\u00e9atrice (de Bordeaux).<\/strong><\/p>\n\n\n\n<p>Et bien d&rsquo;autres commentaires pour vous donner le d\u00e9sir de d\u00e9couvrir ces magnifiques tableaux sacr\u00e9s en famille. <strong><em>\u00ab\u00a0Le Chemin de la Vierge Marie\u00a0\u00bb a \u00e9t\u00e9 b\u00e9ni en 2022 par le pr\u00eatre de la paroisse de Biran (Gers).<\/em><\/strong><\/p>\n\n\n\n<h2 class=\"wp-block-heading\">Articles<\/h2>\n\n\n\n<p><strong>Anne Foug\u00e8re \u00e9crit r\u00e9guli\u00e8rement des articles dans les magazines catholiques<\/strong>, notamment dans le magazine <strong><em>\u00ab\u00a0Carillon de nos vall\u00e9es\u00a0\u00bb<\/em><\/strong>, bimestriel des paroisses Sainte-Fauste-du-F\u00e9zensac et Saint-Pierre-de-Barran-J\u00e9gun ; dans le magazine <strong><em>\u00ab\u00a0L&rsquo;1visible<\/em><\/strong><em><strong>\u00ab\u00a0,<\/strong><\/em> bimestriel catholique &#8211; P\u00f4le Auch-Astarac (site internet : L&rsquo;1VISIBLE.COM).<\/p>\n\n\n\n<p><strong>Le num\u00e9ro 157 de l&rsquo;\u00e9t\u00e9 2025 <\/strong>parle de \u00ab\u00a0L&rsquo;\u00e9cologie chr\u00e9tienne : une approche spirituelle de la protection de la Cr\u00e9ation\u00a0\u00bb, avec un article dans la rubrique \u00ab\u00a0T\u00e9moignage\u00a0\u00bb intitul\u00e9 \u00ab\u00a0Cr\u00e9ativit\u00e9 et Foi\u00a0\u00bb \u00e9crit par Anne Foug\u00e8re. Extrait de l&rsquo;introduction : \u00ab\u00a0<strong><em>Issues de ma foi, de ma pri\u00e8re, les \u0153uvres de patchwork que je cr\u00e9e trouvent leur inspiration dans la Bible ou dans les textes de l&rsquo;Eglise tels que \u00ab\u00a0Laudato Si\u00a0\u00bb, encyclique de 2015 du Pape Fran\u00e7ois sur la \u00ab\u00a0sauvegarde de la maison commune\u00a0\u00bb&#8230;<\/em><\/strong><\/p>\n","protected":false},"excerpt":{"rendered":"<p>Articles\/photos\/Livre d&rsquo;Or\/ Anne Foug\u00e8re, auteur Photos Anne Foug\u00e8re expose r\u00e9guli\u00e8rement ses tableaux \u00e0 caract\u00e8re sacr\u00e9 en patchwork et broderie, tr\u00e8s appr\u00e9ci\u00e9s dans les \u00e9glises et les cath\u00e9drales du dioc\u00e8se d&rsquo;Auch, dans le Gers, notamment \u00e0 Vic-F\u00e9zensac, Eauze, Auch, etc&#8230; Voici un extrait du \u00ab\u00a0Livre d&rsquo;Or\u00a0\u00bb \u00e0 disposition des visiteurs et des fid\u00e8les \u00e0 l&rsquo;exposition du&hellip; <a class=\"more-link\" href=\"https:\/\/editions-mandron.com\/index.php\/autres-librairies\/\">Poursuivre la lecture <span class=\"screen-reader-text\">Articles\/photos\/Livre d&rsquo;Or Expositions\/ Anne Foug\u00e8re<\/span><\/a><\/p>\n","protected":false},"author":1,"featured_media":0,"parent":0,"menu_order":0,"comment_status":"closed","ping_status":"closed","template":"","meta":{"footnotes":""},"class_list":["post-830","page","type-page","status-publish","hentry","entry"],"jetpack_sharing_enabled":true,"_links":{"self":[{"href":"https:\/\/editions-mandron.com\/index.php\/wp-json\/wp\/v2\/pages\/830","targetHints":{"allow":["GET"]}}],"collection":[{"href":"https:\/\/editions-mandron.com\/index.php\/wp-json\/wp\/v2\/pages"}],"about":[{"href":"https:\/\/editions-mandron.com\/index.php\/wp-json\/wp\/v2\/types\/page"}],"author":[{"embeddable":true,"href":"https:\/\/editions-mandron.com\/index.php\/wp-json\/wp\/v2\/users\/1"}],"replies":[{"embeddable":true,"href":"https:\/\/editions-mandron.com\/index.php\/wp-json\/wp\/v2\/comments?post=830"}],"version-history":[{"count":13,"href":"https:\/\/editions-mandron.com\/index.php\/wp-json\/wp\/v2\/pages\/830\/revisions"}],"predecessor-version":[{"id":1826,"href":"https:\/\/editions-mandron.com\/index.php\/wp-json\/wp\/v2\/pages\/830\/revisions\/1826"}],"wp:attachment":[{"href":"https:\/\/editions-mandron.com\/index.php\/wp-json\/wp\/v2\/media?parent=830"}],"curies":[{"name":"wp","href":"https:\/\/api.w.org\/{rel}","templated":true}]}}